{"id":9,"date":"2019-02-06T15:08:10","date_gmt":"2019-02-06T15:08:10","guid":{"rendered":"http:\/\/immonetto.ch\/?page_id=9"},"modified":"2019-02-19T07:52:55","modified_gmt":"2019-02-19T06:52:55","slug":"startseite","status":"publish","type":"page","link":"https:\/\/immonetto.ch\/","title":{"rendered":"Startseite"},"content":{"rendered":"\n<figure class=\"wp-block-image\"><img loading=\"lazy\" width=\"1024\" height=\"953\" src=\"http:\/\/immonetto.ch\/wp-content\/uploads\/2019\/02\/1713-52-obergeschoss-1024x953.jpg\" alt=\"\" class=\"wp-image-106\" srcset=\"https:\/\/immonetto.ch\/wp-content\/uploads\/2019\/02\/1713-52-obergeschoss-1024x953.jpg 1024w, https:\/\/immonetto.ch\/wp-content\/uploads\/2019\/02\/1713-52-obergeschoss-300x279.jpg 300w, https:\/\/immonetto.ch\/wp-content\/uploads\/2019\/02\/1713-52-obergeschoss-768x714.jpg 768w\" sizes=\"(max-width: 1024px) 100vw, 1024px\" \/><\/figure>\n\n\n<p class=\"h4 title\">Lager-\/ Gewerbe-\/ B\u00fcrofl\u00e4che<\/p>\n<div class=\"description-content\">\n<p>Objektbeschrieb:<\/p>\n<p>im Bau befindlicher Neubau; Erstvermietung; bezugsfertig ab Nov. 2019;<br>In einem neuen modernen, auffallenden Wohn-, Lager und Gesch\u00e4ftshaus in Ennetmoos, vermieten wir von 100 &#8211; 411 m\u00b2 1. OG mit Warenlift. <\/p>\n<p>Die Nutzfl\u00e4che eignet sich f\u00fcr Lager, B\u00fcror\u00e4umlichkeiten, Praxis, Seminar- und\/oder Schulungsr\u00e4ume, Ausstellungen sowie Gesch\u00e4ftslokalit\u00e4ten.<\/p>\n<p>Der Raum ist flexibel ein- und unterteilbar. Die gesamte Fl\u00e4che wird im Rohbau angeboten. Unterlagsboden, Decken und W\u00e4nde in Beton.<\/p>\n<p>Zugang \u00fcber Treppe oder Warenlift. WC-Anlage. Gedeckte Parkpl\u00e4tze k\u00f6nnen dazu gemietet werden.<\/p>\n<p>Haben wir Ihr Interesse geweckt f\u00fcr die Planung Ihres neuen Domizils in Ennetmoos<br>Gestalten Sie die R\u00e4umlichkeiten ganz nach Ihren Bed\u00fcrfnissen.<br>Gerne zeigen wir Ihnen alles vor Ort.<\/p>\n<p>Im Haus befinden sich:<\/p>\n<p>EG:<\/p>\n<p>Lager B.f.B. AG<\/p>\n<p>OG 2:<\/p>\n<p>Attika-Wohnung<\/p>\n<\/div>\n\n\n<h4>Grundriss<\/h4>\n\n\n\n<div class=\"wp-block-file\"><a href=\"http:\/\/immonetto.ch\/wp-content\/uploads\/2019\/02\/1713-52-obergeschoss.pdf\">1713-52 obergeschoss<\/a><a href=\"http:\/\/immonetto.ch\/wp-content\/uploads\/2019\/02\/1713-52-obergeschoss.pdf\" class=\"wp-block-file__button\" download>Herunterladen<\/a><\/div>\n","protected":false},"excerpt":{"rendered":"<p>Lager-\/ Gewerbe-\/ B\u00fcrofl\u00e4che Objektbeschrieb: im Bau befindlicher Neubau; Erstvermietung; bezugsfertig ab Nov. 2019;In einem neuen modernen, auffallenden Wohn-, Lager und Gesch\u00e4ftshaus in Ennetmoos, vermieten wir von 100 &#8211; 411 m\u00b2 1. OG mit Warenlift. Die Nutzfl\u00e4che eignet sich f\u00fcr Lager, B\u00fcror\u00e4umlichkeiten, Praxis, Seminar- und\/oder Schulungsr\u00e4ume, Ausstellungen sowie Gesch\u00e4ftslokalit\u00e4ten. Der Raum ist flexibel ein- und unterteilbar. [&hellip;]<\/p>\n","protected":false},"author":1,"featured_media":40,"parent":0,"menu_order":0,"comment_status":"closed","ping_status":"closed","template":"","meta":[],"yoast_head":"<!-- This site is optimized with the Yoast SEO plugin v18.7 - https:\/\/yoast.com\/wordpress\/plugins\/seo\/ -->\n<title>Startseite - immonetto<\/title>\n<meta name=\"robots\" content=\"index, follow, max-snippet:-1, max-image-preview:large, max-video-preview:-1\" \/>\n<link rel=\"canonical\" href=\"https:\/\/immonetto.ch\/\" \/>\n<meta property=\"og:locale\" content=\"de_DE\" \/>\n<meta property=\"og:type\" content=\"article\" \/>\n<meta property=\"og:title\" content=\"Startseite - immonetto\" \/>\n<meta property=\"og:description\" content=\"Lager-\/ Gewerbe-\/ B\u00fcrofl\u00e4che Objektbeschrieb: im Bau befindlicher Neubau; Erstvermietung; bezugsfertig ab Nov. 2019;In einem neuen modernen, auffallenden Wohn-, Lager und Gesch\u00e4ftshaus in Ennetmoos, vermieten wir von 100 &#8211; 411 m\u00b2 1. OG mit Warenlift. Die Nutzfl\u00e4che eignet sich f\u00fcr Lager, B\u00fcror\u00e4umlichkeiten, Praxis, Seminar- und\/oder Schulungsr\u00e4ume, Ausstellungen sowie Gesch\u00e4ftslokalit\u00e4ten. Der Raum ist flexibel ein- und unterteilbar. [&hellip;]\" \/>\n<meta property=\"og:url\" content=\"https:\/\/immonetto.ch\/\" \/>\n<meta property=\"og:site_name\" content=\"immonetto\" \/>\n<meta property=\"article:modified_time\" content=\"2019-02-19T06:52:55+00:00\" \/>\n<meta property=\"og:image\" content=\"https:\/\/immonetto.ch\/wp-content\/uploads\/2019\/02\/1713-01-10-1024x554.jpg\" \/>\n\t<meta property=\"og:image:width\" content=\"1024\" \/>\n\t<meta property=\"og:image:height\" content=\"554\" \/>\n\t<meta property=\"og:image:type\" content=\"image\/jpeg\" \/>\n<meta name=\"twitter:card\" content=\"summary_large_image\" \/>\n<meta name=\"twitter:label1\" content=\"Gesch\u00e4tzte Lesezeit\" \/>\n\t<meta name=\"twitter:data1\" content=\"1\u00a0Minute\" \/>\n<script type=\"application\/ld+json\" class=\"yoast-schema-graph\">{\"@context\":\"https:\/\/schema.org\",\"@graph\":[{\"@type\":\"WebSite\",\"@id\":\"https:\/\/immonetto.ch\/#website\",\"url\":\"https:\/\/immonetto.ch\/\",\"name\":\"immonetto\",\"description\":\"immonetto GmbH\",\"potentialAction\":[{\"@type\":\"SearchAction\",\"target\":{\"@type\":\"EntryPoint\",\"urlTemplate\":\"https:\/\/immonetto.ch\/?s={search_term_string}\"},\"query-input\":\"required name=search_term_string\"}],\"inLanguage\":\"de\"},{\"@type\":\"ImageObject\",\"inLanguage\":\"de\",\"@id\":\"https:\/\/immonetto.ch\/#primaryimage\",\"url\":\"https:\/\/immonetto.ch\/wp-content\/uploads\/2019\/02\/1713-01-10.jpg\",\"contentUrl\":\"https:\/\/immonetto.ch\/wp-content\/uploads\/2019\/02\/1713-01-10.jpg\",\"width\":2268,\"height\":1228},{\"@type\":\"WebPage\",\"@id\":\"https:\/\/immonetto.ch\/#webpage\",\"url\":\"https:\/\/immonetto.ch\/\",\"name\":\"Startseite - immonetto\",\"isPartOf\":{\"@id\":\"https:\/\/immonetto.ch\/#website\"},\"primaryImageOfPage\":{\"@id\":\"https:\/\/immonetto.ch\/#primaryimage\"},\"datePublished\":\"2019-02-06T15:08:10+00:00\",\"dateModified\":\"2019-02-19T06:52:55+00:00\",\"breadcrumb\":{\"@id\":\"https:\/\/immonetto.ch\/#breadcrumb\"},\"inLanguage\":\"de\",\"potentialAction\":[{\"@type\":\"ReadAction\",\"target\":[\"https:\/\/immonetto.ch\/\"]}]},{\"@type\":\"BreadcrumbList\",\"@id\":\"https:\/\/immonetto.ch\/#breadcrumb\",\"itemListElement\":[{\"@type\":\"ListItem\",\"position\":1,\"name\":\"Home\",\"item\":\"https:\/\/immonetto.ch\/\"},{\"@type\":\"ListItem\",\"position\":2,\"name\":\"Startseite\"}]}]}<\/script>\n<!-- \/ Yoast SEO plugin. -->","yoast_head_json":{"title":"Startseite - immonetto","robots":{"index":"index","follow":"follow","max-snippet":"max-snippet:-1","max-image-preview":"max-image-preview:large","max-video-preview":"max-video-preview:-1"},"canonical":"https:\/\/immonetto.ch\/","og_locale":"de_DE","og_type":"article","og_title":"Startseite - immonetto","og_description":"Lager-\/ Gewerbe-\/ B\u00fcrofl\u00e4che Objektbeschrieb: im Bau befindlicher Neubau; Erstvermietung; bezugsfertig ab Nov. 2019;In einem neuen modernen, auffallenden Wohn-, Lager und Gesch\u00e4ftshaus in Ennetmoos, vermieten wir von 100 &#8211; 411 m\u00b2 1. OG mit Warenlift. Die Nutzfl\u00e4che eignet sich f\u00fcr Lager, B\u00fcror\u00e4umlichkeiten, Praxis, Seminar- und\/oder Schulungsr\u00e4ume, Ausstellungen sowie Gesch\u00e4ftslokalit\u00e4ten. Der Raum ist flexibel ein- und unterteilbar. [&hellip;]","og_url":"https:\/\/immonetto.ch\/","og_site_name":"immonetto","article_modified_time":"2019-02-19T06:52:55+00:00","og_image":[{"width":1024,"height":554,"url":"https:\/\/immonetto.ch\/wp-content\/uploads\/2019\/02\/1713-01-10-1024x554.jpg","type":"image\/jpeg"}],"twitter_card":"summary_large_image","twitter_misc":{"Gesch\u00e4tzte Lesezeit":"1\u00a0Minute"},"schema":{"@context":"https:\/\/schema.org","@graph":[{"@type":"WebSite","@id":"https:\/\/immonetto.ch\/#website","url":"https:\/\/immonetto.ch\/","name":"immonetto","description":"immonetto GmbH","potentialAction":[{"@type":"SearchAction","target":{"@type":"EntryPoint","urlTemplate":"https:\/\/immonetto.ch\/?s={search_term_string}"},"query-input":"required name=search_term_string"}],"inLanguage":"de"},{"@type":"ImageObject","inLanguage":"de","@id":"https:\/\/immonetto.ch\/#primaryimage","url":"https:\/\/immonetto.ch\/wp-content\/uploads\/2019\/02\/1713-01-10.jpg","contentUrl":"https:\/\/immonetto.ch\/wp-content\/uploads\/2019\/02\/1713-01-10.jpg","width":2268,"height":1228},{"@type":"WebPage","@id":"https:\/\/immonetto.ch\/#webpage","url":"https:\/\/immonetto.ch\/","name":"Startseite - immonetto","isPartOf":{"@id":"https:\/\/immonetto.ch\/#website"},"primaryImageOfPage":{"@id":"https:\/\/immonetto.ch\/#primaryimage"},"datePublished":"2019-02-06T15:08:10+00:00","dateModified":"2019-02-19T06:52:55+00:00","breadcrumb":{"@id":"https:\/\/immonetto.ch\/#breadcrumb"},"inLanguage":"de","potentialAction":[{"@type":"ReadAction","target":["https:\/\/immonetto.ch\/"]}]},{"@type":"BreadcrumbList","@id":"https:\/\/immonetto.ch\/#breadcrumb","itemListElement":[{"@type":"ListItem","position":1,"name":"Home","item":"https:\/\/immonetto.ch\/"},{"@type":"ListItem","position":2,"name":"Startseite"}]}]}},"_links":{"self":[{"href":"https:\/\/immonetto.ch\/index.php?rest_route=\/wp\/v2\/pages\/9"}],"collection":[{"href":"https:\/\/immonetto.ch\/index.php?rest_route=\/wp\/v2\/pages"}],"about":[{"href":"https:\/\/immonetto.ch\/index.php?rest_route=\/wp\/v2\/types\/page"}],"author":[{"embeddable":true,"href":"https:\/\/immonetto.ch\/index.php?rest_route=\/wp\/v2\/users\/1"}],"replies":[{"embeddable":true,"href":"https:\/\/immonetto.ch\/index.php?rest_route=%2Fwp%2Fv2%2Fcomments&post=9"}],"version-history":[{"count":6,"href":"https:\/\/immonetto.ch\/index.php?rest_route=\/wp\/v2\/pages\/9\/revisions"}],"predecessor-version":[{"id":108,"href":"https:\/\/immonetto.ch\/index.php?rest_route=\/wp\/v2\/pages\/9\/revisions\/108"}],"wp:featuredmedia":[{"embeddable":true,"href":"https:\/\/immonetto.ch\/index.php?rest_route=\/wp\/v2\/media\/40"}],"wp:attachment":[{"href":"https:\/\/immonetto.ch\/index.php?rest_route=%2Fwp%2Fv2%2Fmedia&parent=9"}],"curies":[{"name":"wp","href":"https:\/\/api.w.org\/{rel}","templated":true}]}}